{"id":255,"date":"2021-05-07T13:45:21","date_gmt":"2021-05-07T13:45:21","guid":{"rendered":"https:\/\/bistrotbri-ce.com\/index.php\/home\/"},"modified":"2025-10-03T21:07:06","modified_gmt":"2025-10-03T19:07:06","slug":"home","status":"publish","type":"page","link":"https:\/\/bistrotbri-ce.com\/","title":{"rendered":"Home"},"content":{"rendered":"\t\t<div data-elementor-type=\"wp-page\" data-elementor-id=\"255\" class=\"elementor elementor-255\">\n\t\t\t\t\t\t<section class=\"elementor-section elementor-top-section elementor-element elementor-element-e8e8895 animated-slow elementor-section-boxed elementor-section-height-default elementor-section-height-default\" data-id=\"e8e8895\" data-element_type=\"section\" data-settings=\"{&quot;background_background&quot;:&quot;classic&quot;,&quot;animation&quot;:&quot;none&quot;,&quot;animation_delay&quot;:100}\">\n\t\t\t\t\t\t\t<div class=\"elementor-background-overlay\"><\/div>\n\t\t\t\t\t\t\t<div class=\"elementor-container elementor-column-gap-no\">\n\t\t\t\t\t<div class=\"elementor-column elementor-col-100 elementor-top-column elementor-element elementor-element-4c147b6\" data-id=\"4c147b6\" data-element_type=\"column\" data-settings=\"{&quot;animation&quot;:&quot;none&quot;}\">\n\t\t\t<div class=\"elementor-widget-wrap elementor-element-populated\">\n\t\t\t\t\t\t<div class=\"elementor-element elementor-element-6e5913c elementor-widget__width-initial elementor-position-top elementor-widget elementor-widget-image-box\" data-id=\"6e5913c\" data-element_type=\"widget\" data-settings=\"{&quot;_animation&quot;:&quot;none&quot;}\" data-widget_type=\"image-box.default\">\n\t\t\t\t<div class=\"elementor-widget-container\">\n\t\t\t\t\t<div class=\"elementor-image-box-wrapper\"><figure class=\"elementor-image-box-img\"><img fetchpriority=\"high\" decoding=\"async\" width=\"1089\" height=\"1089\" src=\"https:\/\/bistrotbri-ce.com\/wp-content\/uploads\/2023\/08\/logo-sans-fond.png\" class=\"attachment-full size-full wp-image-12\" alt=\"Logo restaurant li\u00e8ge bistrot brice bri-ce\" srcset=\"https:\/\/bistrotbri-ce.com\/wp-content\/uploads\/2023\/08\/logo-sans-fond.png 1089w, https:\/\/bistrotbri-ce.com\/wp-content\/uploads\/2023\/08\/logo-sans-fond-300x300.png 300w, https:\/\/bistrotbri-ce.com\/wp-content\/uploads\/2023\/08\/logo-sans-fond-1024x1024.png 1024w, https:\/\/bistrotbri-ce.com\/wp-content\/uploads\/2023\/08\/logo-sans-fond-150x150.png 150w, https:\/\/bistrotbri-ce.com\/wp-content\/uploads\/2023\/08\/logo-sans-fond-768x768.png 768w\" sizes=\"(max-width: 1089px) 100vw, 1089px\" \/><\/figure><div class=\"elementor-image-box-content\"><h3 class=\"elementor-image-box-title\">Une cuisine de saison, faite Maison<\/h3><\/div><\/div>\t\t\t\t<\/div>\n\t\t\t\t<\/div>\n\t\t\t\t\t<\/div>\n\t\t<\/div>\n\t\t\t\t\t<\/div>\n\t\t<\/section>\n\t\t\t\t<section class=\"elementor-section elementor-top-section elementor-element elementor-element-25806d3 elementor-section-content-middle elementor-section-boxed elementor-section-height-default elementor-section-height-default\" data-id=\"25806d3\" data-element_type=\"section\">\n\t\t\t\t\t\t<div class=\"elementor-container elementor-column-gap-no\">\n\t\t\t\t\t<div class=\"elementor-column elementor-col-50 elementor-top-column elementor-element elementor-element-54a0987\" data-id=\"54a0987\" data-element_type=\"column\">\n\t\t\t<div class=\"elementor-widget-wrap elementor-element-populated\">\n\t\t\t\t\t\t<div class=\"elementor-element elementor-element-9c7f3ef elementor-widget__width-initial elementor-widget-mobile__width-inherit elementor-widget-tablet__width-inherit elementor-widget elementor-widget-heading\" data-id=\"9c7f3ef\" data-element_type=\"widget\" data-widget_type=\"heading.default\">\n\t\t\t\t<div class=\"elementor-widget-container\">\n\t\t\t\t\t<h1 class=\"elementor-heading-title elementor-size-default\">Bienvenue<\/h1>\t\t\t\t<\/div>\n\t\t\t\t<\/div>\n\t\t\t\t<div class=\"elementor-element elementor-element-b33303f elementor-widget elementor-widget-image\" data-id=\"b33303f\" data-element_type=\"widget\" data-widget_type=\"image.default\">\n\t\t\t\t<div class=\"elementor-widget-container\">\n\t\t\t\t\t\t\t\t\t\t\t\t\t\t\t<img decoding=\"async\" width=\"659\" height=\"1024\" src=\"https:\/\/bistrotbri-ce.com\/wp-content\/uploads\/2023\/09\/Presentation-659x1024.jpg\" class=\"attachment-large size-large wp-image-519\" alt=\"Restaurant bistrot brice, c\u00e9line, th\u00e9o. chef\" srcset=\"https:\/\/bistrotbri-ce.com\/wp-content\/uploads\/2023\/09\/Presentation-659x1024.jpg 659w, https:\/\/bistrotbri-ce.com\/wp-content\/uploads\/2023\/09\/Presentation-193x300.jpg 193w, https:\/\/bistrotbri-ce.com\/wp-content\/uploads\/2023\/09\/Presentation-768x1192.jpg 768w, https:\/\/bistrotbri-ce.com\/wp-content\/uploads\/2023\/09\/Presentation-989x1536.jpg 989w, https:\/\/bistrotbri-ce.com\/wp-content\/uploads\/2023\/09\/Presentation.jpg 1281w\" sizes=\"(max-width: 659px) 100vw, 659px\" \/>\t\t\t\t\t\t\t\t\t\t\t\t\t\t\t<\/div>\n\t\t\t\t<\/div>\n\t\t\t\t\t<\/div>\n\t\t<\/div>\n\t\t\t\t<div class=\"elementor-column elementor-col-50 elementor-top-column elementor-element elementor-element-651f688\" data-id=\"651f688\" data-element_type=\"column\">\n\t\t\t<div class=\"elementor-widget-wrap elementor-element-populated\">\n\t\t\t\t\t\t<div class=\"elementor-element elementor-element-5ea9fbb elementor-position-left elementor-vertical-align-middle e-transform elementor-widget elementor-widget-image-box\" data-id=\"5ea9fbb\" data-element_type=\"widget\" data-settings=\"{&quot;_transform_rotateZ_effect_mobile&quot;:{&quot;unit&quot;:&quot;deg&quot;,&quot;size&quot;:0,&quot;sizes&quot;:[]},&quot;_transform_rotateZ_effect&quot;:{&quot;unit&quot;:&quot;px&quot;,&quot;size&quot;:&quot;&quot;,&quot;sizes&quot;:[]},&quot;_transform_rotateZ_effect_tablet&quot;:{&quot;unit&quot;:&quot;deg&quot;,&quot;size&quot;:&quot;&quot;,&quot;sizes&quot;:[]}}\" data-widget_type=\"image-box.default\">\n\t\t\t\t<div class=\"elementor-widget-container\">\n\t\t\t\t\t<div class=\"elementor-image-box-wrapper\"><figure class=\"elementor-image-box-img\"><img decoding=\"async\" width=\"136\" height=\"400\" src=\"https:\/\/bistrotbri-ce.com\/wp-content\/uploads\/2023\/09\/gol1.png\" class=\"attachment-large size-large wp-image-460\" alt=\"paragraphe dor\u00e9e pr\u00e9sentation bistrot bri-ce\" srcset=\"https:\/\/bistrotbri-ce.com\/wp-content\/uploads\/2023\/09\/gol1.png 136w, https:\/\/bistrotbri-ce.com\/wp-content\/uploads\/2023\/09\/gol1-102x300.png 102w\" sizes=\"(max-width: 136px) 100vw, 136px\" \/><\/figure><div class=\"elementor-image-box-content\"><h3 class=\"elementor-image-box-title\">Le restaurant<\/h3><p class=\"elementor-image-box-description\">Install\u00e9 confortablement dans une des ruelles passantes du vieux Li\u00e8ge, le restaurant  Bistrot Bri-Ce vous fait voyager le temps d\u2019un repas.<br><br>\nC\u00e9line vous accueille, pendant que Brice concocte des plats savoureux. Le charme du d\u00e9cor et des assiettes font de l\u2019\u00e9tablissement un lieu de d\u00e9tente id\u00e9ale pour un d\u00eener \u00e0 deux ou entre amis.\n<br><br>\nVous serez surpris par l\u2019inventivit\u00e9 de notre chef qui conjugue la simplicit\u00e9 et l\u2019originalit\u00e9 d\u2019une cuisine de bistrot revisit\u00e9e<\/p><\/div><\/div>\t\t\t\t<\/div>\n\t\t\t\t<\/div>\n\t\t\t\t\t<\/div>\n\t\t<\/div>\n\t\t\t\t\t<\/div>\n\t\t<\/section>\n\t\t\t\t<section class=\"elementor-section elementor-top-section elementor-element elementor-element-63ce109 elementor-section-boxed elementor-section-height-default elementor-section-height-default\" data-id=\"63ce109\" data-element_type=\"section\" data-settings=\"{&quot;background_background&quot;:&quot;classic&quot;}\">\n\t\t\t\t\t\t<div class=\"elementor-container elementor-column-gap-no\">\n\t\t\t\t\t<div class=\"elementor-column elementor-col-100 elementor-top-column elementor-element elementor-element-cd5232a\" data-id=\"cd5232a\" data-element_type=\"column\">\n\t\t\t<div class=\"elementor-widget-wrap elementor-element-populated\">\n\t\t\t\t\t\t<div class=\"elementor-element elementor-element-673e806 elementor-widget elementor-widget-heading\" data-id=\"673e806\" data-element_type=\"widget\" data-widget_type=\"heading.default\">\n\t\t\t\t<div class=\"elementor-widget-container\">\n\t\t\t\t\t<h2 class=\"elementor-heading-title elementor-size-default\">Nos incontournables<\/h2>\t\t\t\t<\/div>\n\t\t\t\t<\/div>\n\t\t\t\t<div class=\"elementor-element elementor-element-fec14de elementor-widget elementor-widget-text-editor\" data-id=\"fec14de\" data-element_type=\"widget\" data-widget_type=\"text-editor.default\">\n\t\t\t\t<div class=\"elementor-widget-container\">\n\t\t\t\t\t\t\t\t\t<p>En plus de nos intemporels, une suggestion vient enrichir la carte. Une cuisine du march\u00e9 100% faite maison, guid\u00e9e par l\u2019authenticit\u00e9 et la fra\u00eecheur, \u00e9voluant au gr\u00e9 des envies et trouvailles de notre Chef.<\/p>\t\t\t\t\t\t\t\t<\/div>\n\t\t\t\t<\/div>\n\t\t\t\t\t<\/div>\n\t\t<\/div>\n\t\t\t\t\t<\/div>\n\t\t<\/section>\n\t\t\t\t<section class=\"elementor-section elementor-top-section elementor-element elementor-element-1589f6a8 elementor-section-content-middle elementor-section-boxed elementor-section-height-default elementor-section-height-default\" data-id=\"1589f6a8\" data-element_type=\"section\" data-settings=\"{&quot;background_background&quot;:&quot;classic&quot;}\">\n\t\t\t\t\t\t\t<div class=\"elementor-background-overlay\"><\/div>\n\t\t\t\t\t\t\t<div class=\"elementor-container elementor-column-gap-no\">\n\t\t\t\t\t<div class=\"elementor-column elementor-col-100 elementor-top-column elementor-element elementor-element-2db18581\" data-id=\"2db18581\" data-element_type=\"column\">\n\t\t\t<div class=\"elementor-widget-wrap elementor-element-populated\">\n\t\t\t\t\t\t<section class=\"elementor-section elementor-inner-section elementor-element elementor-element-7d3d2a79 elementor-section-boxed elementor-section-height-default elementor-section-height-default\" data-id=\"7d3d2a79\" data-element_type=\"section\">\n\t\t\t\t\t\t<div class=\"elementor-container elementor-column-gap-default\">\n\t\t\t\t\t<div class=\"elementor-column elementor-col-33 elementor-inner-column elementor-element elementor-element-1c30e256\" data-id=\"1c30e256\" data-element_type=\"column\" data-settings=\"{&quot;background_background&quot;:&quot;classic&quot;}\">\n\t\t\t<div class=\"elementor-widget-wrap elementor-element-populated\">\n\t\t\t\t\t<div class=\"elementor-background-overlay\"><\/div>\n\t\t\t\t\t\t<div class=\"elementor-element elementor-element-370aabe9 elementor-widget elementor-widget-image-box\" data-id=\"370aabe9\" data-element_type=\"widget\" data-widget_type=\"image-box.default\">\n\t\t\t\t<div class=\"elementor-widget-container\">\n\t\t\t\t\t<div class=\"elementor-image-box-wrapper\"><div class=\"elementor-image-box-content\"><h3 class=\"elementor-image-box-title\">Les croquettes de crevettes<\/h3><p class=\"elementor-image-box-description\">Bisques de crevettes, persil<\/p><\/div><\/div>\t\t\t\t<\/div>\n\t\t\t\t<\/div>\n\t\t\t\t<div class=\"elementor-element elementor-element-68db1d92 elementor-widget-divider--view-line elementor-widget elementor-widget-divider\" data-id=\"68db1d92\" data-element_type=\"widget\" data-widget_type=\"divider.default\">\n\t\t\t\t<div class=\"elementor-widget-container\">\n\t\t\t\t\t\t\t<div class=\"elementor-divider\">\n\t\t\t<span class=\"elementor-divider-separator\">\n\t\t\t\t\t\t<\/span>\n\t\t<\/div>\n\t\t\t\t\t\t<\/div>\n\t\t\t\t<\/div>\n\t\t\t\t<div class=\"elementor-element elementor-element-4c619d26 elementor-widget elementor-widget-heading\" data-id=\"4c619d26\" data-element_type=\"widget\" data-widget_type=\"heading.default\">\n\t\t\t\t<div class=\"elementor-widget-container\">\n\t\t\t\t\t<h3 class=\"elementor-heading-title elementor-size-default\">19 \u20ac<\/h3>\t\t\t\t<\/div>\n\t\t\t\t<\/div>\n\t\t\t\t<div class=\"elementor-element elementor-element-af1aecd elementor-widget-divider--view-line elementor-widget elementor-widget-divider\" data-id=\"af1aecd\" data-element_type=\"widget\" data-widget_type=\"divider.default\">\n\t\t\t\t<div class=\"elementor-widget-container\">\n\t\t\t\t\t\t\t<div class=\"elementor-divider\">\n\t\t\t<span class=\"elementor-divider-separator\">\n\t\t\t\t\t\t<\/span>\n\t\t<\/div>\n\t\t\t\t\t\t<\/div>\n\t\t\t\t<\/div>\n\t\t\t\t\t<\/div>\n\t\t<\/div>\n\t\t\t\t<div class=\"elementor-column elementor-col-33 elementor-inner-column elementor-element elementor-element-6d1dd662\" data-id=\"6d1dd662\" data-element_type=\"column\" data-settings=\"{&quot;background_background&quot;:&quot;classic&quot;}\">\n\t\t\t<div class=\"elementor-widget-wrap elementor-element-populated\">\n\t\t\t\t\t<div class=\"elementor-background-overlay\"><\/div>\n\t\t\t\t\t\t<div class=\"elementor-element elementor-element-4fc07ff2 elementor-widget elementor-widget-image\" data-id=\"4fc07ff2\" data-element_type=\"widget\" data-widget_type=\"image.default\">\n\t\t\t\t<div class=\"elementor-widget-container\">\n\t\t\t\t\t\t\t\t\t\t\t\t\t\t\t<img loading=\"lazy\" decoding=\"async\" width=\"1024\" height=\"760\" src=\"https:\/\/bistrotbri-ce.com\/wp-content\/uploads\/2023\/09\/cROQUETTE-1024x760.jpg\" class=\"attachment-large size-large wp-image-535\" alt=\"plat, entr\u00e9e, Les croquettes de crevettes, crevettes grises, citron, persil\" srcset=\"https:\/\/bistrotbri-ce.com\/wp-content\/uploads\/2023\/09\/cROQUETTE-1024x760.jpg 1024w, https:\/\/bistrotbri-ce.com\/wp-content\/uploads\/2023\/09\/cROQUETTE-300x223.jpg 300w, https:\/\/bistrotbri-ce.com\/wp-content\/uploads\/2023\/09\/cROQUETTE-768x570.jpg 768w, https:\/\/bistrotbri-ce.com\/wp-content\/uploads\/2023\/09\/cROQUETTE.jpg 1280w\" sizes=\"(max-width: 1024px) 100vw, 1024px\" \/>\t\t\t\t\t\t\t\t\t\t\t\t\t\t\t<\/div>\n\t\t\t\t<\/div>\n\t\t\t\t\t<\/div>\n\t\t<\/div>\n\t\t\t\t<div class=\"elementor-column elementor-col-33 elementor-inner-column elementor-element elementor-element-785d5310\" data-id=\"785d5310\" data-element_type=\"column\" data-settings=\"{&quot;background_background&quot;:&quot;classic&quot;}\">\n\t\t\t<div class=\"elementor-widget-wrap elementor-element-populated\">\n\t\t\t\t\t<div class=\"elementor-background-overlay\"><\/div>\n\t\t\t\t\t\t<div class=\"elementor-element elementor-element-22907c80 elementor-widget elementor-widget-image-box\" data-id=\"22907c80\" data-element_type=\"widget\" data-widget_type=\"image-box.default\">\n\t\t\t\t<div class=\"elementor-widget-container\">\n\t\t\t\t\t<div class=\"elementor-image-box-wrapper\"><div class=\"elementor-image-box-content\"><h3 class=\"elementor-image-box-title\">Les boulets Li\u00e8geois<\/h3><p class=\"elementor-image-box-description\">Frites, Salade, Mayonaisse<\/p><\/div><\/div>\t\t\t\t<\/div>\n\t\t\t\t<\/div>\n\t\t\t\t<div class=\"elementor-element elementor-element-6edbefb1 elementor-widget-divider--view-line elementor-widget elementor-widget-divider\" data-id=\"6edbefb1\" data-element_type=\"widget\" data-widget_type=\"divider.default\">\n\t\t\t\t<div class=\"elementor-widget-container\">\n\t\t\t\t\t\t\t<div class=\"elementor-divider\">\n\t\t\t<span class=\"elementor-divider-separator\">\n\t\t\t\t\t\t<\/span>\n\t\t<\/div>\n\t\t\t\t\t\t<\/div>\n\t\t\t\t<\/div>\n\t\t\t\t<div class=\"elementor-element elementor-element-1490947c elementor-widget elementor-widget-heading\" data-id=\"1490947c\" data-element_type=\"widget\" data-widget_type=\"heading.default\">\n\t\t\t\t<div class=\"elementor-widget-container\">\n\t\t\t\t\t<h3 class=\"elementor-heading-title elementor-size-default\">19 \u20ac<\/h3>\t\t\t\t<\/div>\n\t\t\t\t<\/div>\n\t\t\t\t<div class=\"elementor-element elementor-element-72cedd6e elementor-widget-divider--view-line elementor-widget elementor-widget-divider\" data-id=\"72cedd6e\" data-element_type=\"widget\" data-widget_type=\"divider.default\">\n\t\t\t\t<div class=\"elementor-widget-container\">\n\t\t\t\t\t\t\t<div class=\"elementor-divider\">\n\t\t\t<span class=\"elementor-divider-separator\">\n\t\t\t\t\t\t<\/span>\n\t\t<\/div>\n\t\t\t\t\t\t<\/div>\n\t\t\t\t<\/div>\n\t\t\t\t\t<\/div>\n\t\t<\/div>\n\t\t\t\t\t<\/div>\n\t\t<\/section>\n\t\t\t\t<section class=\"elementor-section elementor-inner-section elementor-element elementor-element-58dba487 elementor-section-boxed elementor-section-height-default elementor-section-height-default\" data-id=\"58dba487\" data-element_type=\"section\">\n\t\t\t\t\t\t<div class=\"elementor-container elementor-column-gap-default\">\n\t\t\t\t\t<div class=\"elementor-column elementor-col-33 elementor-inner-column elementor-element elementor-element-ca14b9b\" data-id=\"ca14b9b\" data-element_type=\"column\" data-settings=\"{&quot;background_background&quot;:&quot;classic&quot;}\">\n\t\t\t<div class=\"elementor-widget-wrap elementor-element-populated\">\n\t\t\t\t\t\t<div class=\"elementor-element elementor-element-4526a9c0 elementor-widget elementor-widget-image\" data-id=\"4526a9c0\" data-element_type=\"widget\" data-widget_type=\"image.default\">\n\t\t\t\t<div class=\"elementor-widget-container\">\n\t\t\t\t\t\t\t\t\t\t\t\t\t\t\t<img loading=\"lazy\" decoding=\"async\" width=\"1024\" height=\"760\" src=\"https:\/\/bistrotbri-ce.com\/wp-content\/uploads\/2023\/09\/Boulet2-1024x760.jpg\" class=\"attachment-large size-large wp-image-534\" alt=\"Plat, Les boulets Li\u00e9geois, Frites, salade, mayonnaise.\" srcset=\"https:\/\/bistrotbri-ce.com\/wp-content\/uploads\/2023\/09\/Boulet2-1024x760.jpg 1024w, https:\/\/bistrotbri-ce.com\/wp-content\/uploads\/2023\/09\/Boulet2-300x223.jpg 300w, https:\/\/bistrotbri-ce.com\/wp-content\/uploads\/2023\/09\/Boulet2-768x570.jpg 768w, https:\/\/bistrotbri-ce.com\/wp-content\/uploads\/2023\/09\/Boulet2.jpg 1280w\" sizes=\"(max-width: 1024px) 100vw, 1024px\" \/>\t\t\t\t\t\t\t\t\t\t\t\t\t\t\t<\/div>\n\t\t\t\t<\/div>\n\t\t\t\t\t<\/div>\n\t\t<\/div>\n\t\t\t\t<div class=\"elementor-column elementor-col-33 elementor-inner-column elementor-element elementor-element-61ddb1fa\" data-id=\"61ddb1fa\" data-element_type=\"column\" data-settings=\"{&quot;background_background&quot;:&quot;classic&quot;}\">\n\t\t\t<div class=\"elementor-widget-wrap elementor-element-populated\">\n\t\t\t\t\t<div class=\"elementor-background-overlay\"><\/div>\n\t\t\t\t\t\t<div class=\"elementor-element elementor-element-10b4cf10 elementor-widget elementor-widget-image-box\" data-id=\"10b4cf10\" data-element_type=\"widget\" data-widget_type=\"image-box.default\">\n\t\t\t\t<div class=\"elementor-widget-container\">\n\t\t\t\t\t<div class=\"elementor-image-box-wrapper\"><div class=\"elementor-image-box-content\"><h3 class=\"elementor-image-box-title\">Crousti-fondant<\/h3><p class=\"elementor-image-box-description\">Glace vanille de Madagascar, feuillantine, mousse chocolat chaud<\/p><\/div><\/div>\t\t\t\t<\/div>\n\t\t\t\t<\/div>\n\t\t\t\t<div class=\"elementor-element elementor-element-1ce3a29a elementor-widget-divider--view-line elementor-widget elementor-widget-divider\" data-id=\"1ce3a29a\" data-element_type=\"widget\" data-widget_type=\"divider.default\">\n\t\t\t\t<div class=\"elementor-widget-container\">\n\t\t\t\t\t\t\t<div class=\"elementor-divider\">\n\t\t\t<span class=\"elementor-divider-separator\">\n\t\t\t\t\t\t<\/span>\n\t\t<\/div>\n\t\t\t\t\t\t<\/div>\n\t\t\t\t<\/div>\n\t\t\t\t<div class=\"elementor-element elementor-element-26d09018 elementor-widget elementor-widget-heading\" data-id=\"26d09018\" data-element_type=\"widget\" data-widget_type=\"heading.default\">\n\t\t\t\t<div class=\"elementor-widget-container\">\n\t\t\t\t\t<h3 class=\"elementor-heading-title elementor-size-default\">10\u20ac<\/h3>\t\t\t\t<\/div>\n\t\t\t\t<\/div>\n\t\t\t\t<div class=\"elementor-element elementor-element-68c737d5 elementor-widget-divider--view-line elementor-widget elementor-widget-divider\" data-id=\"68c737d5\" data-element_type=\"widget\" data-widget_type=\"divider.default\">\n\t\t\t\t<div class=\"elementor-widget-container\">\n\t\t\t\t\t\t\t<div class=\"elementor-divider\">\n\t\t\t<span class=\"elementor-divider-separator\">\n\t\t\t\t\t\t<\/span>\n\t\t<\/div>\n\t\t\t\t\t\t<\/div>\n\t\t\t\t<\/div>\n\t\t\t\t\t<\/div>\n\t\t<\/div>\n\t\t\t\t<div class=\"elementor-column elementor-col-33 elementor-inner-column elementor-element elementor-element-6ea9b78d\" data-id=\"6ea9b78d\" data-element_type=\"column\" data-settings=\"{&quot;background_background&quot;:&quot;classic&quot;}\">\n\t\t\t<div class=\"elementor-widget-wrap elementor-element-populated\">\n\t\t\t\t\t\t<div class=\"elementor-element elementor-element-12a6fb91 elementor-widget elementor-widget-image\" data-id=\"12a6fb91\" data-element_type=\"widget\" data-widget_type=\"image.default\">\n\t\t\t\t<div class=\"elementor-widget-container\">\n\t\t\t\t\t\t\t\t\t\t\t\t\t\t\t<img loading=\"lazy\" decoding=\"async\" width=\"1024\" height=\"760\" src=\"https:\/\/bistrotbri-ce.com\/wp-content\/uploads\/2023\/09\/Fondant-1024x760.jpg\" class=\"attachment-large size-large wp-image-532\" alt=\"plat, dessert, le Crousti-fondant, Glace vanille de Madagascar, feuillantine, mousse chocolat chaud\" srcset=\"https:\/\/bistrotbri-ce.com\/wp-content\/uploads\/2023\/09\/Fondant-1024x760.jpg 1024w, https:\/\/bistrotbri-ce.com\/wp-content\/uploads\/2023\/09\/Fondant-300x223.jpg 300w, https:\/\/bistrotbri-ce.com\/wp-content\/uploads\/2023\/09\/Fondant-768x570.jpg 768w, https:\/\/bistrotbri-ce.com\/wp-content\/uploads\/2023\/09\/Fondant.jpg 1280w\" sizes=\"(max-width: 1024px) 100vw, 1024px\" \/>\t\t\t\t\t\t\t\t\t\t\t\t\t\t\t<\/div>\n\t\t\t\t<\/div>\n\t\t\t\t\t<\/div>\n\t\t<\/div>\n\t\t\t\t\t<\/div>\n\t\t<\/section>\n\t\t\t\t<div class=\"elementor-element elementor-element-7c2d7333 elementor-align-center elementor-widget elementor-widget-button\" data-id=\"7c2d7333\" data-element_type=\"widget\" data-widget_type=\"button.default\">\n\t\t\t\t<div class=\"elementor-widget-container\">\n\t\t\t\t\t\t\t\t\t<div class=\"elementor-button-wrapper\">\n\t\t\t\t\t<a class=\"elementor-button elementor-button-link elementor-size-sm elementor-animation-sink\" href=\"https:\/\/bistrotbri-ce.com\/index.php\/menu\/\">\n\t\t\t\t\t\t<span class=\"elementor-button-content-wrapper\">\n\t\t\t\t\t\t<span class=\"elementor-button-icon\">\n\t\t\t\t<i aria-hidden=\"true\" class=\"fas fa-arrow-right\"><\/i>\t\t\t<\/span>\n\t\t\t\t\t\t\t\t\t<span class=\"elementor-button-text\">D\u00e9couvrez notre carte<\/span>\n\t\t\t\t\t<\/span>\n\t\t\t\t\t<\/a>\n\t\t\t\t<\/div>\n\t\t\t\t\t\t\t\t<\/div>\n\t\t\t\t<\/div>\n\t\t\t\t\t<\/div>\n\t\t<\/div>\n\t\t\t\t\t<\/div>\n\t\t<\/section>\n\t\t\t\t<section class=\"elementor-section elementor-top-section elementor-element elementor-element-2c17de0 elementor-section-boxed elementor-section-height-default elementor-section-height-default\" data-id=\"2c17de0\" data-element_type=\"section\" data-settings=\"{&quot;background_background&quot;:&quot;classic&quot;}\">\n\t\t\t\t\t\t\t<div class=\"elementor-background-overlay\"><\/div>\n\t\t\t\t\t\t\t<div class=\"elementor-container elementor-column-gap-default\">\n\t\t\t\t\t<div class=\"elementor-column elementor-col-100 elementor-top-column elementor-element elementor-element-987f959\" data-id=\"987f959\" data-element_type=\"column\">\n\t\t\t<div class=\"elementor-widget-wrap\">\n\t\t\t\t\t\t\t<\/div>\n\t\t<\/div>\n\t\t\t\t\t<\/div>\n\t\t<\/section>\n\t\t\t\t<\/div>\n\t\t","protected":false},"excerpt":{"rendered":"<p>Une cuisine de saison, faite Maison Bienvenue Le restaurant Install\u00e9 confortablement dans une des ruelles passantes du vieux Li\u00e8ge, le restaurant Bistrot Bri-Ce vous fait voyager le temps d\u2019un repas. C\u00e9line vous accueille, pendant que Brice concocte des plats savoureux. Le charme du d\u00e9cor et des assiettes font de l\u2019\u00e9tablissement un lieu de d\u00e9tente id\u00e9ale [&hellip;]<\/p>\n","protected":false},"author":1,"featured_media":0,"parent":0,"menu_order":0,"comment_status":"closed","ping_status":"closed","template":"","meta":{"_monsterinsights_skip_tracking":false,"_monsterinsights_sitenote_active":false,"_monsterinsights_sitenote_note":"","_monsterinsights_sitenote_category":0,"site-sidebar-layout":"no-sidebar","site-content-layout":"page-builder","ast-site-content-layout":"full-width-container","site-content-style":"unboxed","site-sidebar-style":"unboxed","ast-global-header-display":"","ast-banner-title-visibility":"","ast-main-header-display":"","ast-hfb-above-header-display":"","ast-hfb-below-header-display":"","ast-hfb-mobile-header-display":"","site-post-title":"disabled","ast-breadcrumbs-content":"","ast-featured-img":"disabled","footer-sml-layout":"","ast-disable-related-posts":"","theme-transparent-header-meta":"enabled","adv-header-id-meta":"","stick-header-meta":"","header-above-stick-meta":"","header-main-stick-meta":"","header-below-stick-meta":"","astra-migrate-meta-layouts":"set","ast-page-background-enabled":"default","ast-page-background-meta":{"desktop":{"background-color":"","background-image":"","background-repeat":"repeat","background-position":"center center","background-size":"auto","background-attachment":"scroll","background-type":"","background-media":"","overlay-type":"","overlay-color":"","overlay-opacity":"","overlay-gradient":""},"tablet":{"background-color":"","background-image":"","background-repeat":"repeat","background-position":"center center","background-size":"auto","background-attachment":"scroll","background-type":"","background-media":"","overlay-type":"","overlay-color":"","overlay-opacity":"","overlay-gradient":""},"mobile":{"background-color":"","background-image":"","background-repeat":"repeat","background-position":"center center","background-size":"auto","background-attachment":"scroll","background-type":"","background-media":"","overlay-type":"","overlay-color":"","overlay-opacity":"","overlay-gradient":""}},"ast-content-background-meta":{"desktop":{"background-color":"var(--ast-global-color-5)","background-image":"","background-repeat":"repeat","background-position":"center center","background-size":"auto","background-attachment":"scroll","background-type":"","background-media":"","overlay-type":"","overlay-color":"","overlay-opacity":"","overlay-gradient":""},"tablet":{"background-color":"var(--ast-global-color-5)","background-image":"","background-repeat":"repeat","background-position":"center center","background-size":"auto","background-attachment":"scroll","background-type":"","background-media":"","overlay-type":"","overlay-color":"","overlay-opacity":"","overlay-gradient":""},"mobile":{"background-color":"var(--ast-global-color-5)","background-image":"","background-repeat":"repeat","background-position":"center center","background-size":"auto","background-attachment":"scroll","background-type":"","background-media":"","overlay-type":"","overlay-color":"","overlay-opacity":"","overlay-gradient":""}},"footnotes":""},"aioseo_notices":[],"_links":{"self":[{"href":"https:\/\/bistrotbri-ce.com\/index.php\/wp-json\/wp\/v2\/pages\/255"}],"collection":[{"href":"https:\/\/bistrotbri-ce.com\/index.php\/wp-json\/wp\/v2\/pages"}],"about":[{"href":"https:\/\/bistrotbri-ce.com\/index.php\/wp-json\/wp\/v2\/types\/page"}],"author":[{"embeddable":true,"href":"https:\/\/bistrotbri-ce.com\/index.php\/wp-json\/wp\/v2\/users\/1"}],"replies":[{"embeddable":true,"href":"https:\/\/bistrotbri-ce.com\/index.php\/wp-json\/wp\/v2\/comments?post=255"}],"version-history":[{"count":179,"href":"https:\/\/bistrotbri-ce.com\/index.php\/wp-json\/wp\/v2\/pages\/255\/revisions"}],"predecessor-version":[{"id":740,"href":"https:\/\/bistrotbri-ce.com\/index.php\/wp-json\/wp\/v2\/pages\/255\/revisions\/740"}],"wp:attachment":[{"href":"https:\/\/bistrotbri-ce.com\/index.php\/wp-json\/wp\/v2\/media?parent=255"}],"curies":[{"name":"wp","href":"https:\/\/api.w.org\/{rel}","templated":true}]}}